{"id":104,"date":"2018-03-29T19:08:37","date_gmt":"2018-03-29T19:08:37","guid":{"rendered":"http:\/\/themes.thememasters.club\/disputo\/?page_id=104"},"modified":"2023-06-06T12:20:16","modified_gmt":"2023-06-06T12:20:16","slug":"faq","status":"publish","type":"page","link":"https:\/\/forum.positiveprod.fr\/index.php\/faq\/","title":{"rendered":"FAQ"},"content":{"rendered":"\n<ol class=\"wp-block-list\">\n<li><strong>Pourquoi dois-je m\u2019enregistrer ?<\/strong><\/li>\n<\/ol>\n\n\n\n<p>Vous pouvez ne pas le faire, mais l\u2019administrateur du forum peut avoir configur\u00e9 les forums afin qu\u2019il soit n\u00e9cessaire de s\u2019enregistrer pour poster des messages. Par ailleurs, l\u2019enregistrement vous permet de b\u00e9n\u00e9ficier de fonctionnalit\u00e9s suppl\u00e9mentaires inaccessibles aux invit\u00e9s comme les avatars personnalis\u00e9s, la messagerie priv\u00e9e, l\u2019envoi de courriels aux autres membres, l\u2019adh\u00e9sion \u00e0 des groupes, etc. La cr\u00e9ation d\u2019un compte est rapide et vivement conseill\u00e9e.<\/p>\n\n\n\n<p><\/p>\n\n\n\n<ol class=\"wp-block-list\" start=\"2\">\n<li><strong>Je souhaite m\u2019enregistrer, mais je n\u2019y parviens pas !<\/strong><\/li>\n<\/ol>\n\n\n\n<p>Il est possible qu\u2019un administrateur du forum ait d\u00e9sactiv\u00e9 la cr\u00e9ation de nouveaux comptes. Il peut \u00e9galement avoir banni votre IP ou interdit le nom d\u2019utilisateur que vous souhaitez utiliser. Contactez un administrateur du forum pour obtenir de l\u2019aide.<\/p>\n\n\n\n<p><\/p>\n\n\n\n<ol class=\"wp-block-list\" start=\"3\">\n<li><strong>Je suis enregistr\u00e9, mais je ne peux pas me connecter !<\/strong><\/li>\n<\/ol>\n\n\n\n<p>V\u00e9rifiez, en premier, votre nom d\u2019utilisateur et votre mot de passe. S\u2019ils sont corrects, il y a deux possibilit\u00e9s :<\/p>\n\n\n\n<p>Certains forums peuvent \u00e9galement n\u00e9cessiter que toute nouvelle cr\u00e9ation de compte soit activ\u00e9e par vous-m\u00eame ou par un administrateur avant que vous puissiez vous connecter. Cette information est indiqu\u00e9e lors de l\u2019enregistrement. Si vous avez re\u00e7u un courriel, suivez ses instructions.<\/p>\n\n\n\n<p>Si vous n\u2019avez pas re\u00e7u de courriel, il se peut que vous ayez fourni une adresse incorrecte ou que le courriel ait \u00e9t\u00e9 trait\u00e9 par un filtre anti-spam. Si vous \u00eates s\u00fbr de l\u2019adresse courriel fournie, contactez un administrateur.<\/p>\n\n\n\n<p><\/p>\n\n\n\n<ol class=\"wp-block-list\" start=\"4\">\n<li><strong>Pourquoi ne puis-je pas me connecter ?<\/strong><\/li>\n<\/ol>\n\n\n\n<p>Plusieurs raisons pourraient expliquer cela. Premi\u00e8rement, v\u00e9rifiez que votre nom d\u2019utilisateur et votre mot de passe soient corrects. S\u2019ils le sont, contactez un administrateur du forum pour v\u00e9rifier que vous n\u2019avez pas \u00e9t\u00e9 bannis. Il est \u00e9galement possible que le propri\u00e9taire du site Internet ait une erreur de configuration de son c\u00f4t\u00e9, et qu\u2019il devra la corriger.<\/p>\n\n\n\n<p><\/p>\n\n\n\n<ol class=\"wp-block-list\" start=\"5\">\n<li><strong>Je me suis enregistr\u00e9 par le pass\u00e9, mais je ne peux plus me connecter ?<\/strong><\/li>\n<\/ol>\n\n\n\n<p>Il est possible qu\u2019un administrateur ait d\u00e9sactiv\u00e9 ou supprim\u00e9 votre compte. En effet, il est courant de supprimer r\u00e9guli\u00e8rement les membres ne postant pas pour r\u00e9duire la taille de la base de donn\u00e9es. Si cela vous arrive, tentez de vous r\u00e9enregistrer et soyez plus investi sur le forum.<\/p>\n\n\n\n<p><\/p>\n\n\n\n<ol class=\"wp-block-list\" start=\"6\">\n<li><strong>J\u2019ai perdu mon mot de passe !<\/strong><\/li>\n<\/ol>\n\n\n\n<p>Pas de panique ! Bien que votre mot de passe ne puisse pas \u00eatre r\u00e9cup\u00e9r\u00e9, il peut facilement \u00eatre r\u00e9initialis\u00e9. Pour ce faire, rendez-vous sur la page de connexion puis cliquez sur \u201cJ\u2019ai oubli\u00e9 mon mot de passe\u201d. Suivez les instructions \u00e9nonc\u00e9es et vous devriez pouvoir \u00e0 nouveau vous connecter.<\/p>\n\n\n\n<p>Si toutefois vous ne parvenez pas \u00e0 r\u00e9initialiser votre mot de passe, contactez un administrateur du forum.<\/p>\n\n\n\n<p><\/p>\n\n\n\n<ol class=\"wp-block-list\" start=\"7\">\n<li><strong>Comment cr\u00e9er un nouveau sujet ou poster une r\u00e9ponse ?<\/strong><\/li>\n<\/ol>\n\n\n\n<p>Cliquez sur le bouton \u00ab Nouveau \u00bb depuis la page d\u2019un forum ou \u00ab R\u00e9pondre \u00bb depuis la page d\u2019un sujet. Il se peut que vous ayez besoin d\u2019\u00eatre enregistr\u00e9 pour \u00e9crire un message. Une liste des options disponibles est affich\u00e9e en bas de page des forums, exemple : Vous pouvez poster de nouveaux sujets, Vous pouvez joindre des fichiers, etc.<\/p>\n\n\n\n<p><\/p>\n\n\n\n<ol class=\"wp-block-list\" start=\"8\">\n<li><strong>Comment modifier ou supprimer un message ?<\/strong><\/li>\n<\/ol>\n\n\n\n<p>\u00c0 moins d\u2019\u00eatre administrateur ou mod\u00e9rateur, vous ne pouvez modifier ou supprimer que vos propres messages. Vous pouvez modifier un message (quelquefois dans une dur\u00e9e limit\u00e9e apr\u00e8s sa publication) en cliquant sur le bouton modifier du message correspondant. Si quelqu\u2019un a d\u00e9j\u00e0 r\u00e9pondu au message, un petit texte s&rsquo;affiche en bas du message indiquant qu\u2019il a \u00e9t\u00e9 modifi\u00e9, le nombre de fois qu\u2019il a \u00e9t\u00e9 modifi\u00e9 ainsi que la date et l\u2019heure de la derni\u00e8re modification. Ce message n\u2019appara\u00eetra pas si un mod\u00e9rateur ou un administrateur modifie le message, cependant ils ont la possibilit\u00e9 de laisser une note indiquant qu\u2019ils ont modifi\u00e9 le message de leur propre initiative. Notez que les utilisateurs ne peuvent pas supprimer un message une fois que quelqu\u2019un y a r\u00e9pondu.<br><\/p>\n\n\n\n<ol class=\"wp-block-list\" start=\"9\">\n<li><strong>Pourquoi ai-je re\u00e7u un avertissement ?<\/strong><\/li>\n<\/ol>\n\n\n\n<p>Chaque administrateur a son propre ensemble de r\u00e8gles pour son site. Si vous avez d\u00e9rog\u00e9 \u00e0 une r\u00e8gle, vous pouvez recevoir un avertissement. Notez que c\u2019est la d\u00e9cision de l\u2019administrateur, et que #PositiveProduction n\u2019est pas concern\u00e9 par les avertissements d\u2019un site donn\u00e9. Contactez l\u2019administrateur si vous ne comprenez pas les raisons de votre avertissement.<\/p>\n","protected":false},"excerpt":{"rendered":"<p>Vous pouvez ne pas le faire, mais l\u2019administrateur du forum peut avoir configur\u00e9 les forums afin qu\u2019il soit n\u00e9cessaire de s\u2019enregistrer pour poster des messages. Par ailleurs, l\u2019enregistrement vous permet de b\u00e9n\u00e9ficier de fonctionnalit\u00e9s suppl\u00e9mentaires inaccessibles aux invit\u00e9s comme les avatars personnalis\u00e9s, la messagerie priv\u00e9e, l\u2019envoi de courriels aux autres membres, l\u2019adh\u00e9sion \u00e0 des groupes,&#8230;<\/p>\n","protected":false},"author":1,"featured_media":0,"parent":0,"menu_order":0,"comment_status":"closed","ping_status":"closed","template":"","meta":{"_bbp_topic_count":0,"_bbp_reply_count":0,"_bbp_total_topic_count":0,"_bbp_total_reply_count":0,"_bbp_voice_count":0,"_bbp_anonymous_reply_count":0,"_bbp_topic_count_hidden":0,"_bbp_reply_count_hidden":0,"_bbp_forum_subforum_count":0,"footnotes":""},"class_list":["post-104","page","type-page","status-publish","hentry"],"_links":{"self":[{"href":"https:\/\/forum.positiveprod.fr\/index.php\/wp-json\/wp\/v2\/pages\/104","targetHints":{"allow":["GET"]}}],"collection":[{"href":"https:\/\/forum.positiveprod.fr\/index.php\/wp-json\/wp\/v2\/pages"}],"about":[{"href":"https:\/\/forum.positiveprod.fr\/index.php\/wp-json\/wp\/v2\/types\/page"}],"author":[{"embeddable":true,"href":"https:\/\/forum.positiveprod.fr\/index.php\/wp-json\/wp\/v2\/users\/1"}],"replies":[{"embeddable":true,"href":"https:\/\/forum.positiveprod.fr\/index.php\/wp-json\/wp\/v2\/comments?post=104"}],"version-history":[{"count":3,"href":"https:\/\/forum.positiveprod.fr\/index.php\/wp-json\/wp\/v2\/pages\/104\/revisions"}],"predecessor-version":[{"id":923,"href":"https:\/\/forum.positiveprod.fr\/index.php\/wp-json\/wp\/v2\/pages\/104\/revisions\/923"}],"wp:attachment":[{"href":"https:\/\/forum.positiveprod.fr\/index.php\/wp-json\/wp\/v2\/media?parent=104"}],"curies":[{"name":"wp","href":"https:\/\/api.w.org\/{rel}","templated":true}]}}