{"id":303,"date":"2018-03-31T00:05:03","date_gmt":"2018-03-31T00:05:03","guid":{"rendered":"http:\/\/themes.thememasters.club\/disputo\/?page_id=303"},"modified":"2018-03-31T00:05:03","modified_gmt":"2018-03-31T00:05:03","slug":"homepage-3","status":"publish","type":"page","link":"https:\/\/forum.positiveprod.fr\/index.php\/homepage-3\/","title":{"rendered":"Welcome to Disputo Forum"},"content":{"rendered":"<div id=\"pl-303\"  class=\"panel-layout\" ><div id=\"pg-303-0\"  class=\"panel-grid panel-no-style\" ><div id=\"pgc-303-0-0\"  class=\"panel-grid-cell\" ><div id=\"panel-303-0-0-0\" class=\"so-panel widget widget_disputo-statistic panel-first-child panel-last-child\" data-index=\"0\" ><div\n\t\t\t\n\t\t\tclass=\"so-widget-disputo-statistic so-widget-disputo-statistic-base\"\n\t\t\t\n\t\t><div class=\"disputo-statistic\" style=\"font-size:2rem;color:#364253;\">\n    <div class=\"disputo-statistic-icon\" style=\"width:80px;\">\n        <div class=\"disputo-statistic-icon-inner\" style=\"font-size:30px;color:#ffffff;background-color:#364253;height:80px;line-height:80px;\">\n                        <span class=\"sow-icon-icomoon\" data-sow-icon=\"&#xe946;\"\n\t\t \n\t\taria-hidden=\"true\"><\/span>              \n        <\/div>\n    <\/div>\n    <div class=\"disputo-statistic-number\">\n        <div class=\"disputo-statistic-title\">\n            POSTS        <\/div>\n        19    <\/div>\n<\/div><\/div><\/div><\/div><div id=\"pgc-303-0-1\"  class=\"panel-grid-cell\" ><div id=\"panel-303-0-1-0\" class=\"so-panel widget widget_disputo-statistic panel-first-child panel-last-child\" data-index=\"1\" ><div\n\t\t\t\n\t\t\tclass=\"so-widget-disputo-statistic so-widget-disputo-statistic-base\"\n\t\t\t\n\t\t><div class=\"disputo-statistic\" style=\"font-size:2rem;color:#364253;\">\n    <div class=\"disputo-statistic-icon\" style=\"width:80px;\">\n        <div class=\"disputo-statistic-icon-inner\" style=\"font-size:30px;color:#ffffff;background-color:#1d84b5;height:80px;line-height:80px;\">\n                        <span class=\"sow-icon-icomoon\" data-sow-icon=\"&#xe91a;\"\n\t\t \n\t\taria-hidden=\"true\"><\/span>              \n        <\/div>\n    <\/div>\n    <div class=\"disputo-statistic-number\">\n        <div class=\"disputo-statistic-title\">\n            TOPICS        <\/div>\n        5    <\/div>\n<\/div><\/div><\/div><\/div><div id=\"pgc-303-0-2\"  class=\"panel-grid-cell\" ><div id=\"panel-303-0-2-0\" class=\"so-panel widget widget_disputo-statistic panel-first-child panel-last-child\" data-index=\"2\" ><div\n\t\t\t\n\t\t\tclass=\"so-widget-disputo-statistic so-widget-disputo-statistic-base\"\n\t\t\t\n\t\t><div class=\"disputo-statistic\" style=\"font-size:2rem;color:#364253;\">\n    <div class=\"disputo-statistic-icon\" style=\"width:80px;\">\n        <div class=\"disputo-statistic-icon-inner\" style=\"font-size:30px;color:#ffffff;background-color:#ff5a5f;height:80px;line-height:80px;\">\n                        <span class=\"sow-icon-icomoon\" data-sow-icon=\"&#xe9a9;\"\n\t\t \n\t\taria-hidden=\"true\"><\/span>              \n        <\/div>\n    <\/div>\n    <div class=\"disputo-statistic-number\">\n        <div class=\"disputo-statistic-title\">\n            REPLIES        <\/div>\n        4    <\/div>\n<\/div><\/div><\/div><\/div><\/div><div id=\"pg-303-1\"  class=\"panel-grid panel-no-style\" ><div id=\"pgc-303-1-0\"  class=\"panel-grid-cell\" ><div id=\"panel-303-1-0-0\" class=\"so-panel widget widget_disputo-divider panel-first-child panel-last-child\" data-index=\"3\" ><div\n\t\t\t\n\t\t\tclass=\"so-widget-disputo-divider so-widget-disputo-divider-base\"\n\t\t\t\n\t\t>\n<hr class='disputo-divider-widget fullwidth-divider' style='border:none;margin-top:20px; margin-bottom:15px; background:#dddddd; height:1px;' \/><\/div><\/div><\/div><\/div><div id=\"pg-303-2\"  class=\"panel-grid panel-no-style\" ><div id=\"pgc-303-2-0\"  class=\"panel-grid-cell\" ><div id=\"panel-303-2-0-0\" class=\"so-panel widget widget_disputo-forums panel-first-child\" data-index=\"4\" ><div\n\t\t\t\n\t\t\tclass=\"so-widget-disputo-forums so-widget-disputo-forums-base\"\n\t\t\t\n\t\t><div class=\"disputo-forums-widget\">\n     \n<div class=\"disputo-forum-widget-title \" style=\"\">\n    <div class=\"disputo-forum-widget-overlay\"><\/div>\n    <div class=\"disputo-forum-widget-left\">\n        <h3><\/h3>\n                <p class=\"disputo-forum-widget-desc\"><\/p>\n            <\/div>\n    <div class=\"disputo-forum-widget-right\">\n        <ul class=\"disputo-forum-widget-statistics\">\n            <li class=\"disputo-viewall-statistic\"><a href=\"\" class=\"btn btn-sm btn-info\">View All<\/a><\/li>\n            <li class=\"disputo-reply-statistic\" data-toggle=\"tooltip\" data-placement=\"top\" title=\"R\u00e9ponses\"><span><i class=\"fa fa-comments\"><\/i> 0<\/span><\/li>\n            <li class=\"disputo-topic-statistic\" data-toggle=\"tooltip\" data-placement=\"top\" title=\"Sujets\"><span><i class=\"fa fa-comment\"><\/i> 0<\/span><\/li>\n        <\/ul>\n        <div class=\"clear\"><\/div>\n    <\/div>\n<\/div>\n<div class=\"disputo-forum-widget-wrapper\">        \n<\/div>    <\/div>\n<\/div><\/div><div id=\"panel-303-2-0-1\" class=\"so-panel widget widget_disputo-forums panel-last-child\" data-index=\"5\" ><div\n\t\t\t\n\t\t\tclass=\"so-widget-disputo-forums so-widget-disputo-forums-base\"\n\t\t\t\n\t\t><div class=\"disputo-forums-widget\">\n     \n<div class=\"disputo-forum-widget-title \" style=\"\">\n    <div class=\"disputo-forum-widget-overlay\"><\/div>\n    <div class=\"disputo-forum-widget-left\">\n        <h3><\/h3>\n                <p class=\"disputo-forum-widget-desc\"><\/p>\n            <\/div>\n    <div class=\"disputo-forum-widget-right\">\n        <ul class=\"disputo-forum-widget-statistics\">\n            <li class=\"disputo-viewall-statistic\"><a href=\"\" class=\"btn btn-sm btn-info\">View All<\/a><\/li>\n            <li class=\"disputo-reply-statistic\" data-toggle=\"tooltip\" data-placement=\"top\" title=\"R\u00e9ponses\"><span><i class=\"fa fa-comments\"><\/i> 0<\/span><\/li>\n            <li class=\"disputo-topic-statistic\" data-toggle=\"tooltip\" data-placement=\"top\" title=\"Sujets\"><span><i class=\"fa fa-comment\"><\/i> 0<\/span><\/li>\n        <\/ul>\n        <div class=\"clear\"><\/div>\n    <\/div>\n<\/div>\n<div class=\"disputo-forum-widget-wrapper\">        \n<\/div>    <\/div>\n<\/div><\/div><\/div><div id=\"pgc-303-2-1\"  class=\"panel-grid-cell\" ><div class=\"disputo-home-popular panel-cell-style panel-cell-style-for-303-2-1\" ><div id=\"panel-303-2-1-0\" class=\"so-panel widget widget_disputo-masonry panel-first-child panel-last-child\" data-index=\"6\" ><div\n\t\t\t\n\t\t\tclass=\"so-widget-disputo-masonry so-widget-disputo-masonry-base\"\n\t\t\t\n\t\t>\n<div class=\"disputo-masonry-grid \">\n    <div class=\"disputo-one-column\" data-columns>    \n        \n<div class=\"post-180 forum type-forum status-publish has-post-thumbnail hentry\">\n    <div class=\"card-masonry card-small\">\n    <div class=\"card\">\n            <a class=\"card-featured-img\" href=\"https:\/\/forum.positiveprod.fr\/index.php\/forums\/forum\/lhumeur-du-moment\/\">\n        <ul class=\"card-badges\">\n            <li data-toggle=\"tooltip\" data-placement=\"top\" title=\"Sujets\"><span class=\"badge badge-primary\"><i class=\"fa fa-comment\"><\/i> 4<\/span><\/li>\n            <li data-toggle=\"tooltip\" data-placement=\"top\" title=\"R\u00e9ponses\"><span class=\"badge badge-primary\"><i class=\"fa fa-comments\"><\/i> 4<\/span><\/li>\n        <\/ul>\n        <img decoding=\"async\" src=\"https:\/\/forum.positiveprod.fr\/wp-content\/uploads\/2018\/03\/humeur-du-jour-640x480.jpg\" alt=\"L&rsquo;humeur du moment\" \/>   \n    <\/a>    \n            <div class=\"card-body\">\n            <h5><a href=\"https:\/\/forum.positiveprod.fr\/index.php\/forums\/forum\/lhumeur-du-moment\/\">L&rsquo;humeur du moment<\/a><\/h5>\n                        <div class=\"card-small-desc\"><p><em>Ici c&#039;est le coin des coups de gueules face aux fakenews,\u00a0 \u00e0 l&#039;agribashing,... C&#039;est aussi la rubrique pour exprimer vos coups de c\u0153ur sur l&#039;actualit\u00e9 et la politique agricole. Racontez-nous !<\/em><\/p><\/div>\n                    <\/div>\n    <\/div> \n<\/div>\n<\/div>        \n<div class=\"post-940 forum type-forum status-publish has-post-thumbnail hentry\">\n    <div class=\"card-masonry card-small\">\n    <div class=\"card\">\n            <a class=\"card-featured-img\" href=\"https:\/\/forum.positiveprod.fr\/index.php\/forums\/forum\/vos-problematiques-nos-solutions\/\">\n        <ul class=\"card-badges\">\n            <li data-toggle=\"tooltip\" data-placement=\"top\" title=\"Sujets\"><span class=\"badge badge-primary\"><i class=\"fa fa-comment\"><\/i> 0<\/span><\/li>\n            <li data-toggle=\"tooltip\" data-placement=\"top\" title=\"R\u00e9ponses\"><span class=\"badge badge-primary\"><i class=\"fa fa-comments\"><\/i> 0<\/span><\/li>\n        <\/ul>\n        <img decoding=\"async\" src=\"https:\/\/forum.positiveprod.fr\/wp-content\/uploads\/2023\/09\/problematiques-solutions-640x480.jpg\" alt=\"Vos probl\u00e9matiques, quelles solutions ?\" \/>   \n    <\/a>    \n            <div class=\"card-body\">\n            <h5><a href=\"https:\/\/forum.positiveprod.fr\/index.php\/forums\/forum\/vos-problematiques-nos-solutions\/\">Vos probl\u00e9matiques, quelles solutions ?<\/a><\/h5>\n                        <div class=\"card-small-desc\"><p><em>&lt;strong&gt;Produire mieux avec moins - Itin\u00e9raires techniques - Ravageurs, maladies et adventices - Qualit\u00e9 de pulv\u00e9risation&lt;\/strong&gt;\r\n&lt;br&gt;\r\nPour faire face aux enjeux \u00e9conomiques et environnementaux. Ici on parle technique, on parle produits, agriculture de conservation et biosolutions. Partageons nos exp\u00e9riences et nos id\u00e9es!<\/em><\/p><\/div>\n                    <\/div>\n    <\/div> \n<\/div>\n<\/div>    <\/div>\n<\/div>\n\n<\/div><\/div><\/div><\/div><\/div><div id=\"pg-303-3\"  class=\"panel-grid panel-no-style\" ><div id=\"pgc-303-3-0\"  class=\"panel-grid-cell\" ><div id=\"panel-303-3-0-0\" class=\"so-panel widget widget_disputo-divider panel-first-child panel-last-child\" data-index=\"7\" ><div\n\t\t\t\n\t\t\tclass=\"so-widget-disputo-divider so-widget-disputo-divider-base\"\n\t\t\t\n\t\t>\n<hr class='disputo-divider-widget fullwidth-divider' style='border:none;margin-top:20px; margin-bottom:15px; background:#dddddd; height:1px;' \/><\/div><\/div><\/div><\/div><div id=\"pg-303-4\"  class=\"panel-grid panel-no-style\" ><div id=\"pgc-303-4-0\"  class=\"panel-grid-cell\" ><div id=\"panel-303-4-0-0\" class=\"so-panel widget widget_disputo-carousel panel-first-child panel-last-child\" data-index=\"8\" ><div\n\t\t\t\n\t\t\tclass=\"so-widget-disputo-carousel so-widget-disputo-carousel-base\"\n\t\t\t\n\t\t>\n<div class=\"disputo-widget-title\">\n    <h3 class=\"disputo-carousel-title\"><span>POPULAR POSTS<\/span><\/h3>\n<\/div>\n\n<div class=\"disputo-carousel-container\">\n    <div class=\"disputo-carousel-view-more\">\n    <a href=\"https:\/\/forum.positiveprod.fr\/index.php\/blog-2\/\">VIEW ALL<\/a>\n<\/div>    \n    \n    <div id=\"disputo-post-carousel-2115555641\" class=\"disputo-carousel small-carousel\">\n<div class=\"post-1 post type-post status-publish format-standard hentry category-uncategorized\">\n    <div class=\"card-masonry card-small\">\n    <div class=\"card\">\n            <div class=\"card-body\">\n                                    <a class=\"disputo-masonry-post-date\" href=\"https:\/\/forum.positiveprod.fr\/index.php\/2023\/03\/17\/hello-world\/\">mars 17, 2023<\/a>\n                        <h5><a href=\"https:\/\/forum.positiveprod.fr\/index.php\/2023\/03\/17\/hello-world\/\">Hello world!<\/a><\/h5>\n        <\/div>\n                <div class=\"card-footer\">\n            <div>\n            <a class=\"disputo-post-author\" href=\"https:\/\/forum.positiveprod.fr\/index.php\/author\/mws\/\"><img alt='' src='https:\/\/secure.gravatar.com\/avatar\/2a0c580f6a26a7d8b022cafab982cfaa17f446bd67c4ce7ed0ae9be2077dd6a4?s=40&#038;d=mm&#038;r=g' srcset='https:\/\/secure.gravatar.com\/avatar\/2a0c580f6a26a7d8b022cafab982cfaa17f446bd67c4ce7ed0ae9be2077dd6a4?s=80&#038;d=mm&#038;r=g 2x' class='avatar avatar-40 photo' height='40' width='40' \/> mws<\/a>\n            <\/div>\n                        <div class=\"disputo-comment-count\">\n                <i class=\"fa fa-comments\"><\/i><span>1<\/span>\n            <\/div>\n            <div class=\"clearfix\"><\/div>\n        <\/div>\n            <\/div> \n<\/div>\n<\/div>        \n<div class=\"post-47 post type-post status-publish format-standard has-post-thumbnail hentry category-technology tag-adipisicing tag-litteris tag-magna tag-senserit\">\n    <div class=\"card-masonry card-small\">\n    <div class=\"card\">\n            <a class=\"card-featured-img\" href=\"https:\/\/forum.positiveprod.fr\/index.php\/2018\/03\/08\/what-will-a-mars-habitat-look-like\/\">\n        <img decoding=\"async\" src=\"https:\/\/forum.positiveprod.fr\/wp-content\/uploads\/2018\/03\/tv3-640x480.jpg\" alt=\"What will a Mars habitat look like?\" \/>   \n    <\/a>    \n            <div class=\"card-body\">\n                                    <a class=\"disputo-masonry-post-date\" href=\"https:\/\/forum.positiveprod.fr\/index.php\/2018\/03\/08\/what-will-a-mars-habitat-look-like\/\">mars 8, 2018<\/a>\n                        <h5><a href=\"https:\/\/forum.positiveprod.fr\/index.php\/2018\/03\/08\/what-will-a-mars-habitat-look-like\/\">What will a Mars habitat look like?<\/a><\/h5>\n        <\/div>\n                <div class=\"card-footer\">\n            <div>\n            <a class=\"disputo-post-author\" href=\"https:\/\/forum.positiveprod.fr\/index.php\/author\/mws\/\"><img alt='' src='https:\/\/secure.gravatar.com\/avatar\/2a0c580f6a26a7d8b022cafab982cfaa17f446bd67c4ce7ed0ae9be2077dd6a4?s=40&#038;d=mm&#038;r=g' srcset='https:\/\/secure.gravatar.com\/avatar\/2a0c580f6a26a7d8b022cafab982cfaa17f446bd67c4ce7ed0ae9be2077dd6a4?s=80&#038;d=mm&#038;r=g 2x' class='avatar avatar-40 photo' height='40' width='40' \/> mws<\/a>\n            <\/div>\n                        <div class=\"disputo-comment-count\">\n                <i class=\"fa fa-comments\"><\/i><span>0<\/span>\n            <\/div>\n            <div class=\"clearfix\"><\/div>\n        <\/div>\n            <\/div> \n<\/div>\n<\/div>        \n<div class=\"post-45 post type-post status-publish format-standard has-post-thumbnail hentry category-lifestyle tag-deserunt tag-ipsum tag-occaecat tag-singulis\">\n    <div class=\"card-masonry card-small\">\n    <div class=\"card\">\n            <a class=\"card-featured-img\" href=\"https:\/\/forum.positiveprod.fr\/index.php\/2018\/03\/03\/the-top-tips-to-know-before-travelling-to-utah\/\">\n        <img decoding=\"async\" src=\"https:\/\/forum.positiveprod.fr\/wp-content\/uploads\/2018\/03\/travel-640x480.jpg\" alt=\"The Top Tips to Know Before Travelling to Utah\" \/>   \n    <\/a>    \n            <div class=\"card-body\">\n                                    <a class=\"disputo-masonry-post-date\" href=\"https:\/\/forum.positiveprod.fr\/index.php\/2018\/03\/03\/the-top-tips-to-know-before-travelling-to-utah\/\">mars 3, 2018<\/a>\n                        <h5><a href=\"https:\/\/forum.positiveprod.fr\/index.php\/2018\/03\/03\/the-top-tips-to-know-before-travelling-to-utah\/\">The Top Tips to Know Before Travelling to Utah<\/a><\/h5>\n        <\/div>\n                <div class=\"card-footer\">\n            <div>\n            <a class=\"disputo-post-author\" href=\"https:\/\/forum.positiveprod.fr\/index.php\/author\/mws\/\"><img alt='' src='https:\/\/secure.gravatar.com\/avatar\/2a0c580f6a26a7d8b022cafab982cfaa17f446bd67c4ce7ed0ae9be2077dd6a4?s=40&#038;d=mm&#038;r=g' srcset='https:\/\/secure.gravatar.com\/avatar\/2a0c580f6a26a7d8b022cafab982cfaa17f446bd67c4ce7ed0ae9be2077dd6a4?s=80&#038;d=mm&#038;r=g 2x' class='avatar avatar-40 photo' height='40' width='40' \/> mws<\/a>\n            <\/div>\n                        <div class=\"disputo-comment-count\">\n                <i class=\"fa fa-comments\"><\/i><span>0<\/span>\n            <\/div>\n            <div class=\"clearfix\"><\/div>\n        <\/div>\n            <\/div> \n<\/div>\n<\/div>        \n<div class=\"post-43 post type-post status-publish format-standard has-post-thumbnail hentry category-travel tag-doctrina tag-eiusmod tag-probant tag-varias\">\n    <div class=\"card-masonry card-small\">\n    <div class=\"card\">\n            <a class=\"card-featured-img\" href=\"https:\/\/forum.positiveprod.fr\/index.php\/2018\/03\/01\/5-dreamy-stays-for-couples-in-cambodia\/\">\n        <img decoding=\"async\" src=\"https:\/\/forum.positiveprod.fr\/wp-content\/uploads\/2018\/03\/travel2-640x480.jpg\" alt=\"5 Dreamy Stays for Couples In Cambodia\" \/>   \n    <\/a>    \n            <div class=\"card-body\">\n                                    <a class=\"disputo-masonry-post-date\" href=\"https:\/\/forum.positiveprod.fr\/index.php\/2018\/03\/01\/5-dreamy-stays-for-couples-in-cambodia\/\">mars 1, 2018<\/a>\n                        <h5><a href=\"https:\/\/forum.positiveprod.fr\/index.php\/2018\/03\/01\/5-dreamy-stays-for-couples-in-cambodia\/\">5 Dreamy Stays for Couples In Cambodia<\/a><\/h5>\n        <\/div>\n                <div class=\"card-footer\">\n            <div>\n            <a class=\"disputo-post-author\" href=\"https:\/\/forum.positiveprod.fr\/index.php\/author\/mws\/\"><img alt='' src='https:\/\/secure.gravatar.com\/avatar\/2a0c580f6a26a7d8b022cafab982cfaa17f446bd67c4ce7ed0ae9be2077dd6a4?s=40&#038;d=mm&#038;r=g' srcset='https:\/\/secure.gravatar.com\/avatar\/2a0c580f6a26a7d8b022cafab982cfaa17f446bd67c4ce7ed0ae9be2077dd6a4?s=80&#038;d=mm&#038;r=g 2x' class='avatar avatar-40 photo' height='40' width='40' \/> mws<\/a>\n            <\/div>\n                        <div class=\"disputo-comment-count\">\n                <i class=\"fa fa-comments\"><\/i><span>0<\/span>\n            <\/div>\n            <div class=\"clearfix\"><\/div>\n        <\/div>\n            <\/div> \n<\/div>\n<\/div>        \n<div class=\"post-41 post type-post status-publish format-standard has-post-thumbnail hentry category-tv-movies tag-adipisicing tag-doctrina tag-magna tag-singulis tag-veniam\">\n    <div class=\"card-masonry card-small\">\n    <div class=\"card\">\n            <a class=\"card-featured-img\" href=\"https:\/\/forum.positiveprod.fr\/index.php\/2018\/02\/23\/why-spartacus-creator-is-mad-at-syfy\/\">\n        <img decoding=\"async\" src=\"https:\/\/forum.positiveprod.fr\/wp-content\/uploads\/2018\/03\/tv5-640x480.jpg\" alt=\"Why Spartacus Creator Is Mad At Syfy\" \/>   \n    <\/a>    \n            <div class=\"card-body\">\n                                    <a class=\"disputo-masonry-post-date\" href=\"https:\/\/forum.positiveprod.fr\/index.php\/2018\/02\/23\/why-spartacus-creator-is-mad-at-syfy\/\">f\u00e9vrier 23, 2018<\/a>\n                        <h5><a href=\"https:\/\/forum.positiveprod.fr\/index.php\/2018\/02\/23\/why-spartacus-creator-is-mad-at-syfy\/\">Why Spartacus Creator Is Mad At Syfy<\/a><\/h5>\n        <\/div>\n                <div class=\"card-footer\">\n            <div>\n            <a class=\"disputo-post-author\" href=\"https:\/\/forum.positiveprod.fr\/index.php\/author\/mws\/\"><img alt='' src='https:\/\/secure.gravatar.com\/avatar\/2a0c580f6a26a7d8b022cafab982cfaa17f446bd67c4ce7ed0ae9be2077dd6a4?s=40&#038;d=mm&#038;r=g' srcset='https:\/\/secure.gravatar.com\/avatar\/2a0c580f6a26a7d8b022cafab982cfaa17f446bd67c4ce7ed0ae9be2077dd6a4?s=80&#038;d=mm&#038;r=g 2x' class='avatar avatar-40 photo' height='40' width='40' \/> mws<\/a>\n            <\/div>\n                        <div class=\"disputo-comment-count\">\n                <i class=\"fa fa-comments\"><\/i><span>0<\/span>\n            <\/div>\n            <div class=\"clearfix\"><\/div>\n        <\/div>\n            <\/div> \n<\/div>\n<\/div>        \n<div class=\"post-39 post type-post status-publish format-standard has-post-thumbnail hentry category-food-drink category-travel tag-adipisicing tag-deserunt tag-lorem tag-senserit\">\n    <div class=\"card-masonry card-small\">\n    <div class=\"card\">\n            <a class=\"card-featured-img\" href=\"https:\/\/forum.positiveprod.fr\/index.php\/2018\/02\/20\/10-delicious-italian-desserts-you-need-to-try\/\">\n        <img decoding=\"async\" src=\"https:\/\/forum.positiveprod.fr\/wp-content\/uploads\/2018\/03\/travel4-640x480.jpg\" alt=\"10 Delicious Italian Desserts You Need To Try\" \/>   \n    <\/a>    \n            <div class=\"card-body\">\n                                    <a class=\"disputo-masonry-post-date\" href=\"https:\/\/forum.positiveprod.fr\/index.php\/2018\/02\/20\/10-delicious-italian-desserts-you-need-to-try\/\">f\u00e9vrier 20, 2018<\/a>\n                        <h5><a href=\"https:\/\/forum.positiveprod.fr\/index.php\/2018\/02\/20\/10-delicious-italian-desserts-you-need-to-try\/\">10 Delicious Italian Desserts You Need To Try<\/a><\/h5>\n        <\/div>\n                <div class=\"card-footer\">\n            <div>\n            <a class=\"disputo-post-author\" href=\"https:\/\/forum.positiveprod.fr\/index.php\/author\/mws\/\"><img alt='' src='https:\/\/secure.gravatar.com\/avatar\/2a0c580f6a26a7d8b022cafab982cfaa17f446bd67c4ce7ed0ae9be2077dd6a4?s=40&#038;d=mm&#038;r=g' srcset='https:\/\/secure.gravatar.com\/avatar\/2a0c580f6a26a7d8b022cafab982cfaa17f446bd67c4ce7ed0ae9be2077dd6a4?s=80&#038;d=mm&#038;r=g 2x' class='avatar avatar-40 photo' height='40' width='40' \/> mws<\/a>\n            <\/div>\n                        <div class=\"disputo-comment-count\">\n                <i class=\"fa fa-comments\"><\/i><span>0<\/span>\n            <\/div>\n            <div class=\"clearfix\"><\/div>\n        <\/div>\n            <\/div> \n<\/div>\n<\/div>        \n        \n    <\/div>\n<\/div>\n      \n<script type=\"text\/javascript\">\n(function ($) {\n\"use strict\";    \n$(document).ready(function () {\n    $('#disputo-post-carousel-2115555641').slick({\n        infinite: false,\n        slidesToScroll: 1,\n                arrows: true,\n        dots : false,\n                                slidesToShow: 4,\n        responsive: [{breakpoint: 1200,settings: {slidesToShow: 3}},{breakpoint: 992,settings: {slidesToShow: 2}},{breakpoint: 576,settings: {slidesToShow: 1}}]                     \n                                                                                 \n    });\n    $('#disputo-post-carousel-2115555641').css('opacity', '1');\n});\n})(jQuery);        \n<\/script><\/div><\/div><\/div><\/div><\/div>","protected":false},"excerpt":{"rendered":"","protected":false},"author":1,"featured_media":0,"parent":0,"menu_order":0,"comment_status":"closed","ping_status":"closed","template":"page_template_2.php","meta":{"_bbp_topic_count":0,"_bbp_reply_count":0,"_bbp_total_topic_count":0,"_bbp_total_reply_count":0,"_bbp_voice_count":0,"_bbp_anonymous_reply_count":0,"_bbp_topic_count_hidden":0,"_bbp_reply_count_hidden":0,"_bbp_forum_subforum_count":0,"footnotes":""},"class_list":["post-303","page","type-page","status-publish","hentry"],"_links":{"self":[{"href":"https:\/\/forum.positiveprod.fr\/index.php\/wp-json\/wp\/v2\/pages\/303","targetHints":{"allow":["GET"]}}],"collection":[{"href":"https:\/\/forum.positiveprod.fr\/index.php\/wp-json\/wp\/v2\/pages"}],"about":[{"href":"https:\/\/forum.positiveprod.fr\/index.php\/wp-json\/wp\/v2\/types\/page"}],"author":[{"embeddable":true,"href":"https:\/\/forum.positiveprod.fr\/index.php\/wp-json\/wp\/v2\/users\/1"}],"replies":[{"embeddable":true,"href":"https:\/\/forum.positiveprod.fr\/index.php\/wp-json\/wp\/v2\/comments?post=303"}],"version-history":[{"count":0,"href":"https:\/\/forum.positiveprod.fr\/index.php\/wp-json\/wp\/v2\/pages\/303\/revisions"}],"wp:attachment":[{"href":"https:\/\/forum.positiveprod.fr\/index.php\/wp-json\/wp\/v2\/media?parent=303"}],"curies":[{"name":"wp","href":"https:\/\/api.w.org\/{rel}","templated":true}]}}