{"id":679,"date":"2020-08-27T23:06:06","date_gmt":"2020-08-27T23:06:06","guid":{"rendered":"http:\/\/themes.thememasters.club\/disputo\/?page_id=679"},"modified":"2020-08-27T23:06:06","modified_gmt":"2020-08-27T23:06:06","slug":"join-our-forum","status":"publish","type":"page","link":"https:\/\/forum.positiveprod.fr\/index.php\/join-our-forum\/","title":{"rendered":"Join Our Forum"},"content":{"rendered":"<div id=\"pl-679\"  class=\"panel-layout\" ><div id=\"pg-679-0\"  class=\"panel-grid panel-has-style\" ><div class=\"disputo-stretched panel-row-style panel-row-style-for-679-0\" ><div id=\"pgc-679-0-0\"  class=\"panel-grid-cell\" ><div id=\"panel-679-0-0-0\" class=\"so-panel widget widget_disputo-ytv panel-first-child panel-last-child\" data-index=\"0\" ><div\n\t\t\t\n\t\t\tclass=\"so-widget-disputo-ytv so-widget-disputo-ytv-base\"\n\t\t\t\n\t\t><div id=\"youtube-wrapper-410544413\" style=\"height:600px\"><\/div>\n<div class=\"clear\"><\/div>\n<script type=\"text\/javascript\">\njQuery(window).on('load', function () {\n    \"use strict\";\n    jQuery('#youtube-wrapper-410544413').ytv({\n        apiKey: 'AIzaSyBYP8FI7RC4mnUcuRpYcdFUvnLBxZnJVp4',\n        user: '',\n        channelId: 'UCaBf1a-dpIsw8OxqH4ki2Kg',\n        browsePlaylists: true,\n        maxvideo: 10,\n        maxplaylist: 20,\n        controls: true,\n        autoplay: false\n    });\n});     \n<\/script><\/div><\/div><\/div><\/div><\/div><div id=\"pg-679-1\"  class=\"panel-grid panel-has-style\" ><div class=\"panel-row-style panel-row-style-for-679-1\" ><div id=\"pgc-679-1-0\"  class=\"panel-grid-cell\" ><div id=\"panel-679-1-0-0\" class=\"so-panel widget widget_disputo-statistic panel-first-child panel-last-child\" data-index=\"1\" ><div\n\t\t\t\n\t\t\tclass=\"so-widget-disputo-statistic so-widget-disputo-statistic-base\"\n\t\t\t\n\t\t><div class=\"disputo-statistic\" style=\"font-size:1.75rem;color:#364253;\">\n    <div class=\"disputo-statistic-icon\" style=\"width:70px;\">\n        <div class=\"disputo-statistic-icon-inner\" style=\"font-size:26px;color:#ffffff;background-color:#364253;height:70px;line-height:70px;\">\n                        <span class=\"sow-icon-icomoon\" data-sow-icon=\"&#xe946;\"\n\t\t \n\t\taria-hidden=\"true\"><\/span>              \n        <\/div>\n    <\/div>\n    <div class=\"disputo-statistic-number\">\n        <div class=\"disputo-statistic-title\">\n            POSTS        <\/div>\n        19    <\/div>\n<\/div><\/div><\/div><\/div><div id=\"pgc-679-1-1\"  class=\"panel-grid-cell\" ><div id=\"panel-679-1-1-0\" class=\"so-panel widget widget_disputo-statistic panel-first-child panel-last-child\" data-index=\"2\" ><div\n\t\t\t\n\t\t\tclass=\"so-widget-disputo-statistic so-widget-disputo-statistic-base\"\n\t\t\t\n\t\t><div class=\"disputo-statistic\" style=\"font-size:1.75rem;color:#364253;\">\n    <div class=\"disputo-statistic-icon\" style=\"width:70px;\">\n        <div class=\"disputo-statistic-icon-inner\" style=\"font-size:26px;color:#ffffff;background-color:#00a9a5;height:70px;line-height:70px;\">\n                        <span class=\"sow-icon-icomoon\" data-sow-icon=\"&#xe972;\"\n\t\t \n\t\taria-hidden=\"true\"><\/span>              \n        <\/div>\n    <\/div>\n    <div class=\"disputo-statistic-number\">\n        <div class=\"disputo-statistic-title\">\n            USERS        <\/div>\n        19    <\/div>\n<\/div><\/div><\/div><\/div><div id=\"pgc-679-1-2\"  class=\"panel-grid-cell\" ><div id=\"panel-679-1-2-0\" class=\"so-panel widget widget_disputo-statistic panel-first-child panel-last-child\" data-index=\"3\" ><div\n\t\t\t\n\t\t\tclass=\"so-widget-disputo-statistic so-widget-disputo-statistic-base\"\n\t\t\t\n\t\t><div class=\"disputo-statistic\" style=\"font-size:1.75rem;color:#364253;\">\n    <div class=\"disputo-statistic-icon\" style=\"width:70px;\">\n        <div class=\"disputo-statistic-icon-inner\" style=\"font-size:26px;color:#ffffff;background-color:#1d84b5;height:70px;line-height:70px;\">\n                        <span class=\"sow-icon-icomoon\" data-sow-icon=\"&#xe91a;\"\n\t\t \n\t\taria-hidden=\"true\"><\/span>              \n        <\/div>\n    <\/div>\n    <div class=\"disputo-statistic-number\">\n        <div class=\"disputo-statistic-title\">\n            TOPICS        <\/div>\n        5    <\/div>\n<\/div><\/div><\/div><\/div><div id=\"pgc-679-1-3\"  class=\"panel-grid-cell\" ><div id=\"panel-679-1-3-0\" class=\"so-panel widget widget_disputo-statistic panel-first-child panel-last-child\" data-index=\"4\" ><div\n\t\t\t\n\t\t\tclass=\"so-widget-disputo-statistic so-widget-disputo-statistic-base\"\n\t\t\t\n\t\t><div class=\"disputo-statistic\" style=\"font-size:1.75rem;color:#364253;\">\n    <div class=\"disputo-statistic-icon\" style=\"width:70px;\">\n        <div class=\"disputo-statistic-icon-inner\" style=\"font-size:26px;color:#ffffff;background-color:#ff5a5f;height:70px;line-height:70px;\">\n                        <span class=\"sow-icon-icomoon\" data-sow-icon=\"&#xe96c;\"\n\t\t \n\t\taria-hidden=\"true\"><\/span>              \n        <\/div>\n    <\/div>\n    <div class=\"disputo-statistic-number\">\n        <div class=\"disputo-statistic-title\">\n            REPLIES        <\/div>\n        4    <\/div>\n<\/div><\/div><\/div><\/div><\/div><\/div><div id=\"pg-679-2\"  class=\"panel-grid panel-no-style\" ><div id=\"pgc-679-2-0\"  class=\"panel-grid-cell\" ><div id=\"panel-679-2-0-0\" class=\"so-panel widget widget_disputo-forums panel-first-child panel-last-child\" data-index=\"5\" ><div\n\t\t\t\n\t\t\tclass=\"so-widget-disputo-forums so-widget-disputo-forums-base\"\n\t\t\t\n\t\t><div class=\"disputo-forums-widget no-breadcrumbs no-search-box \">\n<div id=\"bbpress-forums\">\n\n\t\n\t\t<div class=\"bbp-search-form\">\n\n\t\t\t\n<form role=\"search\" method=\"get\" action=\"https:\/\/forum.positiveprod.fr\/index.php\/forums\/search\/\">\n\t<div class=\"input-group\">\n\t\t<input type=\"hidden\" name=\"action\" value=\"bbp-search-request\" \/>\n\t\t<input tabindex=\"101\" type=\"text\" value=\"\" name=\"bbp_search\" class=\"form-control\" placeholder=\"Rechercher dans les forums...\" \/>\n        <div class=\"input-group-append\"> \n            <button type=\"submit\" class=\"btn btn-primary\"><i class=\"fa fa-search\"><\/i><\/button>\n        <\/div>\n\t<\/div>\n<\/form>\n\n\t\t<\/div>\n\n\t\n\t<div class=\"bbp-breadcrumb\"><p><a href=\"https:\/\/forum.positiveprod.fr\" class=\"bbp-breadcrumb-home\"><i class=\"fa fa-home\"><\/i><\/a> <span class=\"bbp-breadcrumb-sep\">&rsaquo;<\/span> <span class=\"bbp-breadcrumb-current\">Forums<\/span><\/p><\/div>\n\t\n\t\n\t\n\t\t\n\n<ul id=\"forums-list-0\" class=\"bbp-forums\">\n\n\t<li class=\"bbp-header\">\n\n\t\t<ul class=\"forum-titles\">\n\t\t\t<li class=\"bbp-forum-info\">Forum<\/li>\n\t\t\t<li class=\"bbp-forum-topic-count\"><i class=\"fa fa-comment\" data-toggle=\"tooltip\" data-placement=\"top\" title=\"TOPICS\"><\/i><\/li>\n\t\t\t<li class=\"bbp-forum-reply-count\"><i class=\"fa fa-comments\" data-toggle=\"tooltip\" data-placement=\"top\" title=\"R\u00c9PONSES\"><\/i><\/li>\n\t\t\t<li class=\"bbp-forum-freshness\"><i class=\"fa fa-clock-o\" data-toggle=\"tooltip\" data-placement=\"top\" title=\"FRESHNESS\"><\/i><\/li>\n\t\t<\/ul>\n\n\t<\/li>\n\n\t<li class=\"bbp-body\">\n\n\t\t\n\t\t\t\n<ul id=\"bbp-forum-938\" class=\"loop-item-0 bbp-forum-status-open bbp-forum-visibility-publish odd  post-938 forum type-forum status-publish has-post-thumbnail hentry\">\n\n\t<li class=\"bbp-forum-info\">\n\n\t\t        \n        <div class=\"disputo-forum-table-wrapper\">\n              \n        <div class=\"disputo-forum-left\">\n            <a href=\"https:\/\/forum.positiveprod.fr\/index.php\/forums\/forum\/lavenir-de-lagriculture\/\">\n                <img decoding=\"async\" src=\"https:\/\/forum.positiveprod.fr\/wp-content\/uploads\/2023\/09\/avenir-agriculture-150x150.jpg\" alt=\"L&rsquo;avenir de l&rsquo;agriculture\" \/>\n            <\/a>\n        <\/div>\n            \n        <div class=\"disputo-forum-right\">\n\t\t\n\t\t<a class=\"bbp-forum-title\" href=\"https:\/\/forum.positiveprod.fr\/index.php\/forums\/forum\/lavenir-de-lagriculture\/\">L&rsquo;avenir de l&rsquo;agriculture<\/a>\n\n\t\t\n\t\t\n\t\t<div class=\"bbp-forum-content\"><strong>Transition agro\u00e9cologique - Travailler dans l\u2019agriculture - Comp\u00e9titivit\u00e9 - Changements climatiques.<\/strong>\r\n<br>\r\nIl existe 4 d\u00e9fis majeurs auxquels l'agriculture moderne est confront\u00e9e :\r\n<ul>\r\n \t<li>le d\u00e9fi d\u00e9mographique avec un besoin de produire d'avantage face \u00e0 l'augmentation de la population mondiale et la baisse du nombre d'agriculteurs notamment en France,<\/li>\r\n \t<li>la prise en compte des ressources naturelles et de l'environnement,<\/li>\r\n \t<li>r\u00e9ussir \u00e0 s'adapter aux changements climatiques,<\/li>\r\n \t<li>l'ouverture des march\u00e9s et les \u00e9changes mondiaux.<\/li>\r\n<\/ul>\r\nParlons en !<\/div>\n\n\t\t\n\t\t\n\t\t\n\t\t\n\t\t        <\/div>    \n        <\/div>    \n\n\t<\/li>\n\n\t<li class=\"bbp-forum-topic-count\">0<\/li>\n\n\t<li class=\"bbp-forum-reply-count\">0<\/li>\n    \n    <li class=\"bbp-forum-freshness\">     \n        <div class=\"disputo-freshness-box\">\n            <div class=\"disputo-freshness-left\">\n                <div class=\"disputo-freshness-name\">\n                                                                <\/div>\n                <div class=\"disputo-freshness-link\">\n                                Aucun Sujet                                <\/div>\n            <\/div>\n                        <div class=\"disputo-freshness-right \">\n                            <\/div>\n        <\/div>\n\t<\/li>\n<\/ul>\n\t\t\n\t\t\t\n<ul id=\"bbp-forum-940\" class=\"loop-item-1 bbp-forum-status-open bbp-forum-visibility-publish even  post-940 forum type-forum status-publish has-post-thumbnail hentry\">\n\n\t<li class=\"bbp-forum-info\">\n\n\t\t        \n        <div class=\"disputo-forum-table-wrapper\">\n              \n        <div class=\"disputo-forum-left\">\n            <a href=\"https:\/\/forum.positiveprod.fr\/index.php\/forums\/forum\/vos-problematiques-nos-solutions\/\">\n                <img decoding=\"async\" src=\"https:\/\/forum.positiveprod.fr\/wp-content\/uploads\/2023\/09\/problematiques-solutions-150x150.jpg\" alt=\"Vos probl\u00e9matiques, quelles solutions ?\" \/>\n            <\/a>\n        <\/div>\n            \n        <div class=\"disputo-forum-right\">\n\t\t\n\t\t<a class=\"bbp-forum-title\" href=\"https:\/\/forum.positiveprod.fr\/index.php\/forums\/forum\/vos-problematiques-nos-solutions\/\">Vos probl\u00e9matiques, quelles solutions ?<\/a>\n\n\t\t\n\t\t\n\t\t<div class=\"bbp-forum-content\"><strong>Produire mieux avec moins - Itin\u00e9raires techniques - Ravageurs, maladies et adventices - Qualit\u00e9 de pulv\u00e9risation<\/strong>\r\n<br>\r\nPour faire face aux enjeux \u00e9conomiques et environnementaux. Ici on parle technique, on parle produits, agriculture de conservation et biosolutions. Partageons nos exp\u00e9riences et nos id\u00e9es!<\/div>\n\n\t\t\n\t\t\n\t\t\n\t\t\n\t\t        <\/div>    \n        <\/div>    \n\n\t<\/li>\n\n\t<li class=\"bbp-forum-topic-count\">0<\/li>\n\n\t<li class=\"bbp-forum-reply-count\">0<\/li>\n    \n    <li class=\"bbp-forum-freshness\">     \n        <div class=\"disputo-freshness-box\">\n            <div class=\"disputo-freshness-left\">\n                <div class=\"disputo-freshness-name\">\n                                                                <\/div>\n                <div class=\"disputo-freshness-link\">\n                                Aucun Sujet                                <\/div>\n            <\/div>\n                        <div class=\"disputo-freshness-right \">\n                            <\/div>\n        <\/div>\n\t<\/li>\n<\/ul>\n\t\t\n\t\t\t\n<ul id=\"bbp-forum-180\" class=\"loop-item-2 bbp-forum-status-open bbp-forum-visibility-publish odd  post-180 forum type-forum status-publish has-post-thumbnail hentry\">\n\n\t<li class=\"bbp-forum-info\">\n\n\t\t        \n        <div class=\"disputo-forum-table-wrapper\">\n              \n        <div class=\"disputo-forum-left\">\n            <a href=\"https:\/\/forum.positiveprod.fr\/index.php\/forums\/forum\/lhumeur-du-moment\/\">\n                <img decoding=\"async\" src=\"https:\/\/forum.positiveprod.fr\/wp-content\/uploads\/2018\/03\/humeur-du-jour-150x150.jpg\" alt=\"L&rsquo;humeur du moment\" \/>\n            <\/a>\n        <\/div>\n            \n        <div class=\"disputo-forum-right\">\n\t\t\n\t\t<a class=\"bbp-forum-title\" href=\"https:\/\/forum.positiveprod.fr\/index.php\/forums\/forum\/lhumeur-du-moment\/\">L&rsquo;humeur du moment<\/a>\n\n\t\t\n\t\t\n\t\t<div class=\"bbp-forum-content\">Ici c'est le coin des coups de gueules face aux fakenews,\u00a0 \u00e0 l'agribashing,... C'est aussi la rubrique pour exprimer vos coups de c\u0153ur sur l'actualit\u00e9 et la politique agricole. Racontez-nous !<\/div>\n\n\t\t\n\t\t\n\t\t\n\t\t\n\t\t        <\/div>    \n        <\/div>    \n\n\t<\/li>\n\n\t<li class=\"bbp-forum-topic-count\">4<\/li>\n\n\t<li class=\"bbp-forum-reply-count\">4<\/li>\n    \n    <li class=\"bbp-forum-freshness\">     \n        <div class=\"disputo-freshness-box\">\n            <div class=\"disputo-freshness-left\">\n                <div class=\"disputo-freshness-name\">\n                                <a href=\"https:\/\/forum.positiveprod.fr\/index.php\/forums\/users\/sylvain80\/\" title=\"Voir le profil de Sylvain80\" class=\"bbp-author-link\"><span  class=\"bbp-author-name\">Sylvain80<\/span><\/a>                                <\/div>\n                <div class=\"disputo-freshness-link\">\n                                <a href=\"https:\/\/forum.positiveprod.fr\/index.php\/forums\/topic\/temoignage-dun-agriculteur-qui-en-a-assez-de-lagribashing\/#post-905\" title=\"R\u00e9pondre \u00e0\u00a0: T\u00e9moignage d\u2019un agriculteur qui en a assez de l&rsquo;agribashing\">il y a 3 ann\u00e9es et 1 mois<\/a>                                <\/div>\n            <\/div>\n                        <div class=\"disputo-freshness-right \">\n                <a href=\"https:\/\/forum.positiveprod.fr\/index.php\/forums\/users\/sylvain80\/\" title=\"Voir le profil de Sylvain80\" class=\"bbp-author-link\"><span  class=\"bbp-author-avatar\"><img alt='' src='https:\/\/secure.gravatar.com\/avatar\/ee879738e03faa891a72fd73cbc41a03f9a7f470b5c3d3d3140e601a4d988544?s=45&#038;d=mm&#038;r=g' srcset='https:\/\/secure.gravatar.com\/avatar\/ee879738e03faa891a72fd73cbc41a03f9a7f470b5c3d3d3140e601a4d988544?s=90&#038;d=mm&#038;r=g 2x' class='avatar avatar-45 photo' height='45' width='45' \/><\/span><\/a>            <\/div>\n        <\/div>\n\t<\/li>\n<\/ul>\n\t\t\n\t\t\t\n<ul id=\"bbp-forum-181\" class=\"loop-item-3 bbp-forum-status-open bbp-forum-visibility-publish even  post-181 forum type-forum status-publish has-post-thumbnail hentry\">\n\n\t<li class=\"bbp-forum-info\">\n\n\t\t        \n        <div class=\"disputo-forum-table-wrapper\">\n              \n        <div class=\"disputo-forum-left\">\n            <a href=\"https:\/\/forum.positiveprod.fr\/index.php\/forums\/forum\/vis-ma-vie-dagriculteur\/\">\n                <img decoding=\"async\" src=\"https:\/\/forum.positiveprod.fr\/wp-content\/uploads\/2023\/06\/hp-forum-pp-150x150.jpg\" alt=\"BlaBlagris &#038; citoyens \u00e0 la fois\" \/>\n            <\/a>\n        <\/div>\n            \n        <div class=\"disputo-forum-right\">\n\t\t\n\t\t<a class=\"bbp-forum-title\" href=\"https:\/\/forum.positiveprod.fr\/index.php\/forums\/forum\/vis-ma-vie-dagriculteur\/\">BlaBlagris &#038; citoyens \u00e0 la fois<\/a>\n\n\t\t\n\t\t\n\t\t<div class=\"bbp-forum-content\">Le c\u00f4t\u00e9 humain du forum avec vos partages d'exp\u00e9riences, t\u00e9moignages d'actions sur le terrain au quotidien, vos photos, vos vid\u00e9os... qui donnent du baume au c\u0153ur. Pour une fois \u00e7a fait du bien !<\/div>\n\n\t\t\n\t\t\n\t\t\n\t\t\n\t\t        <\/div>    \n        <\/div>    \n\n\t<\/li>\n\n\t<li class=\"bbp-forum-topic-count\">1<\/li>\n\n\t<li class=\"bbp-forum-reply-count\">0<\/li>\n    \n    <li class=\"bbp-forum-freshness\">     \n        <div class=\"disputo-freshness-box\">\n            <div class=\"disputo-freshness-left\">\n                <div class=\"disputo-freshness-name\">\n                                <a href=\"https:\/\/forum.positiveprod.fr\/index.php\/forums\/users\/jp60\/\" title=\"Voir le profil de JP60\" class=\"bbp-author-link\"><span  class=\"bbp-author-name\">JP60<\/span><\/a>                                <\/div>\n                <div class=\"disputo-freshness-link\">\n                                <a href=\"https:\/\/forum.positiveprod.fr\/index.php\/forums\/topic\/top-10-des-meilleurs-temoignages-dagriculteurs-en-2022\/\" title=\"Top 10 des meilleurs t\u00e9moignages d\u2019agriculteurs en 2022\">il y a 3 ann\u00e9es et 1 mois<\/a>                                <\/div>\n            <\/div>\n                        <div class=\"disputo-freshness-right \">\n                <a href=\"https:\/\/forum.positiveprod.fr\/index.php\/forums\/users\/jp60\/\" title=\"Voir le profil de JP60\" class=\"bbp-author-link\"><span  class=\"bbp-author-avatar\"><img alt='' src='https:\/\/secure.gravatar.com\/avatar\/b50f6820225cef5b722b74fb99fb712741b48ea2dc1753de8b5b08ced6d8a6b7?s=45&#038;d=mm&#038;r=g' srcset='https:\/\/secure.gravatar.com\/avatar\/b50f6820225cef5b722b74fb99fb712741b48ea2dc1753de8b5b08ced6d8a6b7?s=90&#038;d=mm&#038;r=g 2x' class='avatar avatar-45 photo' height='45' width='45' \/><\/span><\/a>            <\/div>\n        <\/div>\n\t<\/li>\n<\/ul>\n\t\t\n\t<\/li>\n\n<\/ul>\n\n\n\t\n\t\n<\/div><\/div>\n<\/div><\/div><\/div><\/div><div id=\"pg-679-3\"  class=\"panel-grid panel-no-style\" ><div id=\"pgc-679-3-0\"  class=\"panel-grid-cell\" ><div id=\"panel-679-3-0-0\" class=\"so-panel widget widget_disputo-divider panel-first-child panel-last-child\" data-index=\"6\" ><div\n\t\t\t\n\t\t\tclass=\"so-widget-disputo-divider so-widget-disputo-divider-base\"\n\t\t\t\n\t\t>\n<hr class='disputo-divider-widget fullwidth-divider' style='border:none;margin-top:25px; margin-bottom:15px; background:#dddddd; height:1px;' \/><\/div><\/div><\/div><\/div><div id=\"pg-679-4\"  class=\"panel-grid panel-no-style\" ><div id=\"pgc-679-4-0\"  class=\"panel-grid-cell\" ><div id=\"panel-679-4-0-0\" class=\"so-panel widget widget_disputo-carousel panel-first-child panel-last-child\" data-index=\"7\" ><div\n\t\t\t\n\t\t\tclass=\"so-widget-disputo-carousel so-widget-disputo-carousel-base\"\n\t\t\t\n\t\t>\n<div class=\"disputo-widget-title\">\n    <h3 class=\"disputo-carousel-title\"><span>OUR ONLINE STORE<\/span><\/h3>\n<\/div>\n\n<div class=\"disputo-carousel-container\">\n    <div class=\"disputo-carousel-view-more\">\n    <a href=\"https:\/\/forum.positiveprod.fr\/index.php\/blog-2\/\">VIEW ALL PRODUCTS<\/a>\n<\/div>    \n    \n    <div id=\"disputo-post-carousel-1333014809\" class=\"disputo-carousel small-carousel\">\n        \n        \n        \n        \n        \n        \n    <\/div>\n<\/div>\n      \n<script type=\"text\/javascript\">\n(function ($) {\n\"use strict\";    \n$(document).ready(function () {\n    $('#disputo-post-carousel-1333014809').slick({\n        infinite: false,\n        slidesToScroll: 1,\n                arrows: true,\n        dots : false,\n                                slidesToShow: 4,\n        responsive: [{breakpoint: 1200,settings: {slidesToShow: 3}},{breakpoint: 992,settings: {slidesToShow: 2}},{breakpoint: 576,settings: {slidesToShow: 1}}]                     \n                                                                                 \n    });\n    $('#disputo-post-carousel-1333014809').css('opacity', '1');\n});\n})(jQuery);        \n<\/script><\/div><\/div><\/div><\/div><\/div>","protected":false},"excerpt":{"rendered":"","protected":false},"author":1,"featured_media":0,"parent":0,"menu_order":0,"comment_status":"closed","ping_status":"closed","template":"page_template_2.php","meta":{"_bbp_topic_count":0,"_bbp_reply_count":0,"_bbp_total_topic_count":0,"_bbp_total_reply_count":0,"_bbp_voice_count":0,"_bbp_anonymous_reply_count":0,"_bbp_topic_count_hidden":0,"_bbp_reply_count_hidden":0,"_bbp_forum_subforum_count":0,"footnotes":""},"class_list":["post-679","page","type-page","status-publish","hentry"],"_links":{"self":[{"href":"https:\/\/forum.positiveprod.fr\/index.php\/wp-json\/wp\/v2\/pages\/679","targetHints":{"allow":["GET"]}}],"collection":[{"href":"https:\/\/forum.positiveprod.fr\/index.php\/wp-json\/wp\/v2\/pages"}],"about":[{"href":"https:\/\/forum.positiveprod.fr\/index.php\/wp-json\/wp\/v2\/types\/page"}],"author":[{"embeddable":true,"href":"https:\/\/forum.positiveprod.fr\/index.php\/wp-json\/wp\/v2\/users\/1"}],"replies":[{"embeddable":true,"href":"https:\/\/forum.positiveprod.fr\/index.php\/wp-json\/wp\/v2\/comments?post=679"}],"version-history":[{"count":0,"href":"https:\/\/forum.positiveprod.fr\/index.php\/wp-json\/wp\/v2\/pages\/679\/revisions"}],"wp:attachment":[{"href":"https:\/\/forum.positiveprod.fr\/index.php\/wp-json\/wp\/v2\/media?parent=679"}],"curies":[{"name":"wp","href":"https:\/\/api.w.org\/{rel}","templated":true}]}}